{"id":44925,"date":"2024-03-18T01:29:26","date_gmt":"2024-03-18T00:29:26","guid":{"rendered":"https:\/\/aldegroup.com.mk\/product\/piucremoso\/"},"modified":"2024-03-18T01:29:26","modified_gmt":"2024-03-18T00:29:26","slug":"piucremoso","status":"publish","type":"product","link":"https:\/\/aldegroup.com.mk\/sq\/product\/piucremoso\/","title":{"rendered":"PI\u00d9CREMOSO"},"content":{"rendered":"<p>\u00c7mimi \u00ebsht\u00eb p\u00ebr qese (1.2 kg)<\/p>\n","protected":false},"excerpt":{"rendered":"<p>P\u00ebrmir\u00ebsimi i yndyr\u00ebs q\u00eb mund t\u00eb p\u00ebrdoret si n\u00eb proceset e nxehta ashtu edhe n\u00eb ato t\u00eb ftohta. Ajo p\u00ebrmir\u00ebson p\u00ebrb\u00ebrjen e xhelatit duke e b\u00ebr\u00eb at\u00eb m\u00eb kremoze, p\u00ebrmir\u00ebson struktur\u00ebn e saj, duke e b\u00ebr\u00eb at\u00eb m\u00eb t\u00eb ngroht\u00eb n\u00eb shije dhe duke ngadal\u00ebsuar shkrirjen n\u00eb ekran.<\/p>\n","protected":false},"featured_media":44365,"template":"","meta":[],"product_brand":[],"product_cat":[201,276],"product_tag":[331,204,285,332],"class_list":{"0":"post-44925","1":"product","2":"type-product","3":"status-publish","4":"has-post-thumbnail","6":"product_cat-akullore","7":"product_cat-neutralet-permiresuesit-e-textures-dhe-stabilizatoret","8":"product_tag-00324-sq","9":"product_tag-akullore","10":"product_tag-neutralet","11":"product_tag-piucremoso-sq","13":"first","14":"instock","15":"taxable","16":"shipping-taxable","17":"purchasable","18":"product-type-simple"},"aioseo_notices":[],"_links":{"self":[{"href":"https:\/\/aldegroup.com.mk\/sq\/wp-json\/wp\/v2\/product\/44925","targetHints":{"allow":["GET"]}}],"collection":[{"href":"https:\/\/aldegroup.com.mk\/sq\/wp-json\/wp\/v2\/product"}],"about":[{"href":"https:\/\/aldegroup.com.mk\/sq\/wp-json\/wp\/v2\/types\/product"}],"wp:featuredmedia":[{"embeddable":true,"href":"https:\/\/aldegroup.com.mk\/sq\/wp-json\/wp\/v2\/media\/44365"}],"wp:attachment":[{"href":"https:\/\/aldegroup.com.mk\/sq\/wp-json\/wp\/v2\/media?parent=44925"}],"wp:term":[{"taxonomy":"product_brand","embeddable":true,"href":"https:\/\/aldegroup.com.mk\/sq\/wp-json\/wp\/v2\/product_brand?post=44925"},{"taxonomy":"product_cat","embeddable":true,"href":"https:\/\/aldegroup.com.mk\/sq\/wp-json\/wp\/v2\/product_cat?post=44925"},{"taxonomy":"product_tag","embeddable":true,"href":"https:\/\/aldegroup.com.mk\/sq\/wp-json\/wp\/v2\/product_tag?post=44925"}],"curies":[{"name":"wp","href":"https:\/\/api.w.org\/{rel}","templated":true}]}}