{"id":44917,"date":"2024-03-18T02:09:17","date_gmt":"2024-03-18T01:09:17","guid":{"rendered":"https:\/\/aldegroup.com.mk\/product\/cioccobianco-paste\/"},"modified":"2024-03-18T02:09:17","modified_gmt":"2024-03-18T01:09:17","slug":"cioccobianco-paste","status":"publish","type":"product","link":"https:\/\/aldegroup.com.mk\/sq\/product\/cioccobianco-paste\/","title":{"rendered":"CIOCCOBIANCO PASTE"},"content":{"rendered":"<p>\u00c7mimi \u00ebsht\u00eb p\u00ebr qese (5 kg)<\/p>\n","protected":false},"excerpt":{"rendered":"<p>Past\u00eb me cil\u00ebsi t\u00eb lart\u00eb q\u00eb p\u00ebrfaq\u00ebson shijen dhe arom\u00ebn m\u00eb t\u00eb mir\u00eb t\u00eb \u00e7okollat\u00ebs s\u00eb bardh\u00eb.<\/p>\n","protected":false},"featured_media":44398,"template":"","meta":[],"product_brand":[],"product_cat":[201,306],"product_tag":[204,329,295,308],"class_list":{"0":"post-44917","1":"product","2":"type-product","3":"status-publish","4":"has-post-thumbnail","6":"product_cat-akullore","7":"product_cat-pasta-qumeshti","8":"product_tag-akullore","9":"product_tag-cioccobianco-sq","10":"product_tag-gellato-sq","11":"product_tag-paste-qumeshti","13":"first","14":"instock","15":"taxable","16":"shipping-taxable","17":"purchasable","18":"product-type-simple"},"aioseo_notices":[],"_links":{"self":[{"href":"https:\/\/aldegroup.com.mk\/sq\/wp-json\/wp\/v2\/product\/44917","targetHints":{"allow":["GET"]}}],"collection":[{"href":"https:\/\/aldegroup.com.mk\/sq\/wp-json\/wp\/v2\/product"}],"about":[{"href":"https:\/\/aldegroup.com.mk\/sq\/wp-json\/wp\/v2\/types\/product"}],"wp:featuredmedia":[{"embeddable":true,"href":"https:\/\/aldegroup.com.mk\/sq\/wp-json\/wp\/v2\/media\/44398"}],"wp:attachment":[{"href":"https:\/\/aldegroup.com.mk\/sq\/wp-json\/wp\/v2\/media?parent=44917"}],"wp:term":[{"taxonomy":"product_brand","embeddable":true,"href":"https:\/\/aldegroup.com.mk\/sq\/wp-json\/wp\/v2\/product_brand?post=44917"},{"taxonomy":"product_cat","embeddable":true,"href":"https:\/\/aldegroup.com.mk\/sq\/wp-json\/wp\/v2\/product_cat?post=44917"},{"taxonomy":"product_tag","embeddable":true,"href":"https:\/\/aldegroup.com.mk\/sq\/wp-json\/wp\/v2\/product_tag?post=44917"}],"curies":[{"name":"wp","href":"https:\/\/api.w.org\/{rel}","templated":true}]}}