{"id":44914,"date":"2024-03-18T04:58:31","date_gmt":"2024-03-18T03:58:31","guid":{"rendered":"https:\/\/aldegroup.com.mk\/product\/mente-n-ose-c-paste-tradicionale\/"},"modified":"2024-03-18T04:58:31","modified_gmt":"2024-03-18T03:58:31","slug":"mente-n-ose-c-paste-tradicionale","status":"publish","type":"product","link":"https:\/\/aldegroup.com.mk\/sq\/product\/mente-n-ose-c-paste-tradicionale\/","title":{"rendered":"MENTE N ose C PASTE TRADICIONALE"},"content":{"rendered":"<p>\u00c7mimi \u00ebsht\u00eb p\u00ebr qese (3 kg)<\/p>\n","protected":false},"excerpt":{"rendered":"<p>Paste e koncentruar p\u00ebr krijimin e nj\u00eb xhelati freskues me shije mente me ngjyr\u00eb t\u00eb bardh\u00eb. Gjithashtu i disponuesh\u00ebm n\u00eb versionin C.<\/p>\n","protected":false},"featured_media":44497,"template":"","meta":[],"product_brand":[],"product_cat":[201,306],"product_tag":[204,295,308],"class_list":{"0":"post-44914","1":"product","2":"type-product","3":"status-publish","4":"has-post-thumbnail","6":"product_cat-akullore","7":"product_cat-pasta-qumeshti","8":"product_tag-akullore","9":"product_tag-gellato-sq","10":"product_tag-paste-qumeshti","12":"first","13":"instock","14":"taxable","15":"shipping-taxable","16":"purchasable","17":"product-type-simple"},"aioseo_notices":[],"_links":{"self":[{"href":"https:\/\/aldegroup.com.mk\/sq\/wp-json\/wp\/v2\/product\/44914","targetHints":{"allow":["GET"]}}],"collection":[{"href":"https:\/\/aldegroup.com.mk\/sq\/wp-json\/wp\/v2\/product"}],"about":[{"href":"https:\/\/aldegroup.com.mk\/sq\/wp-json\/wp\/v2\/types\/product"}],"wp:featuredmedia":[{"embeddable":true,"href":"https:\/\/aldegroup.com.mk\/sq\/wp-json\/wp\/v2\/media\/44497"}],"wp:attachment":[{"href":"https:\/\/aldegroup.com.mk\/sq\/wp-json\/wp\/v2\/media?parent=44914"}],"wp:term":[{"taxonomy":"product_brand","embeddable":true,"href":"https:\/\/aldegroup.com.mk\/sq\/wp-json\/wp\/v2\/product_brand?post=44914"},{"taxonomy":"product_cat","embeddable":true,"href":"https:\/\/aldegroup.com.mk\/sq\/wp-json\/wp\/v2\/product_cat?post=44914"},{"taxonomy":"product_tag","embeddable":true,"href":"https:\/\/aldegroup.com.mk\/sq\/wp-json\/wp\/v2\/product_tag?post=44914"}],"curies":[{"name":"wp","href":"https:\/\/api.w.org\/{rel}","templated":true}]}}