{"id":44909,"date":"2024-03-18T05:18:30","date_gmt":"2024-03-18T04:18:30","guid":{"rendered":"https:\/\/aldegroup.com.mk\/product\/gran-stracciatella-reale\/"},"modified":"2024-03-18T05:18:30","modified_gmt":"2024-03-18T04:18:30","slug":"gran-stracciatella-reale","status":"publish","type":"product","link":"https:\/\/aldegroup.com.mk\/sq\/product\/gran-stracciatella-reale\/","title":{"rendered":"GRAN STRACCIATELLA REALE"},"content":{"rendered":"<p>\u00c7mimi \u00ebsht\u00eb p\u00ebr qese (6 kg)<\/p>\n","protected":false},"excerpt":{"rendered":"<p>Past\u00eb klasike Stracciatella me shije \u00e7okollate t\u00eb err\u00ebt. Nj\u00eb pallto Stracciatella e pasur dhe e shijshme me arom\u00ebn klasike t\u00eb \u00e7okollat\u00ebs s\u00eb err\u00ebt q\u00eb krijon shtresa krunchy, dekorative n\u00eb sip\u00ebrfaqen e xhelatit, dhe \u00ebsht\u00eb gjithashtu e mrekullueshme p\u00ebr t\u00eb varietetuar dhe dekoruar filxhan\u00ebt.<\/p>\n","protected":false},"featured_media":44514,"template":"","meta":[],"product_brand":[],"product_cat":[201,306],"product_tag":[204,295,308],"class_list":{"0":"post-44909","1":"product","2":"type-product","3":"status-publish","4":"has-post-thumbnail","6":"product_cat-akullore","7":"product_cat-pasta-qumeshti","8":"product_tag-akullore","9":"product_tag-gellato-sq","10":"product_tag-paste-qumeshti","12":"first","13":"instock","14":"taxable","15":"shipping-taxable","16":"purchasable","17":"product-type-simple"},"aioseo_notices":[],"_links":{"self":[{"href":"https:\/\/aldegroup.com.mk\/sq\/wp-json\/wp\/v2\/product\/44909","targetHints":{"allow":["GET"]}}],"collection":[{"href":"https:\/\/aldegroup.com.mk\/sq\/wp-json\/wp\/v2\/product"}],"about":[{"href":"https:\/\/aldegroup.com.mk\/sq\/wp-json\/wp\/v2\/types\/product"}],"wp:featuredmedia":[{"embeddable":true,"href":"https:\/\/aldegroup.com.mk\/sq\/wp-json\/wp\/v2\/media\/44514"}],"wp:attachment":[{"href":"https:\/\/aldegroup.com.mk\/sq\/wp-json\/wp\/v2\/media?parent=44909"}],"wp:term":[{"taxonomy":"product_brand","embeddable":true,"href":"https:\/\/aldegroup.com.mk\/sq\/wp-json\/wp\/v2\/product_brand?post=44909"},{"taxonomy":"product_cat","embeddable":true,"href":"https:\/\/aldegroup.com.mk\/sq\/wp-json\/wp\/v2\/product_cat?post=44909"},{"taxonomy":"product_tag","embeddable":true,"href":"https:\/\/aldegroup.com.mk\/sq\/wp-json\/wp\/v2\/product_tag?post=44909"}],"curies":[{"name":"wp","href":"https:\/\/api.w.org\/{rel}","templated":true}]}}