{"id":44770,"date":"2024-03-19T23:28:25","date_gmt":"2024-03-19T22:28:25","guid":{"rendered":"https:\/\/aldegroup.com.mk\/?post_type=product&#038;p=44770"},"modified":"2024-03-19T23:31:08","modified_gmt":"2024-03-19T22:31:08","slug":"karameli-ne-krye-copy-copy-copy-copy-copy","status":"publish","type":"product","link":"https:\/\/aldegroup.com.mk\/sq\/product\/karameli-ne-krye-copy-copy-copy-copy-copy\/","title":{"rendered":"KARAMELI N\u00cb KRYE (Copy) (Copy) (Copy) (Copy) (Copy)"},"content":{"rendered":"<p>\u00c7mimi \u00ebsht\u00eb p\u00ebr qese (1kg)<\/p>\n","protected":false},"excerpt":{"rendered":"<p>Nj\u00eb salc\u00eb me shije t\u00eb \u00ebmb\u00ebl klasike karameli. Ky produkt \u00ebsht\u00eb i but\u00eb dhe kremoz.<\/p>\n","protected":false},"featured_media":44773,"template":"","meta":[],"product_brand":[],"product_cat":[201,323],"product_tag":[204,324,207],"class_list":{"0":"post-44770","1":"product","2":"type-product","3":"status-publish","4":"has-post-thumbnail","6":"product_cat-akullore","7":"product_cat-garnitura","8":"product_tag-akullore","9":"product_tag-garnitura","10":"product_tag-pregel-sq","12":"first","13":"instock","14":"taxable","15":"shipping-taxable","16":"purchasable","17":"product-type-simple"},"aioseo_notices":[],"_links":{"self":[{"href":"https:\/\/aldegroup.com.mk\/sq\/wp-json\/wp\/v2\/product\/44770","targetHints":{"allow":["GET"]}}],"collection":[{"href":"https:\/\/aldegroup.com.mk\/sq\/wp-json\/wp\/v2\/product"}],"about":[{"href":"https:\/\/aldegroup.com.mk\/sq\/wp-json\/wp\/v2\/types\/product"}],"wp:featuredmedia":[{"embeddable":true,"href":"https:\/\/aldegroup.com.mk\/sq\/wp-json\/wp\/v2\/media\/44773"}],"wp:attachment":[{"href":"https:\/\/aldegroup.com.mk\/sq\/wp-json\/wp\/v2\/media?parent=44770"}],"wp:term":[{"taxonomy":"product_brand","embeddable":true,"href":"https:\/\/aldegroup.com.mk\/sq\/wp-json\/wp\/v2\/product_brand?post=44770"},{"taxonomy":"product_cat","embeddable":true,"href":"https:\/\/aldegroup.com.mk\/sq\/wp-json\/wp\/v2\/product_cat?post=44770"},{"taxonomy":"product_tag","embeddable":true,"href":"https:\/\/aldegroup.com.mk\/sq\/wp-json\/wp\/v2\/product_tag?post=44770"}],"curies":[{"name":"wp","href":"https:\/\/api.w.org\/{rel}","templated":true}]}}