{"id":44605,"date":"2024-03-19T01:25:37","date_gmt":"2024-03-19T00:25:37","guid":{"rendered":"https:\/\/aldegroup.com.mk\/?post_type=product&#038;p=44605"},"modified":"2024-03-19T01:28:24","modified_gmt":"2024-03-19T00:28:24","slug":"paste-luleshtrydhe-copy-copy-2","status":"publish","type":"product","link":"https:\/\/aldegroup.com.mk\/sq\/product\/paste-luleshtrydhe-copy-copy-2\/","title":{"rendered":"PASTE LULESHTRYDHE (Copy) (Copy)"},"content":{"rendered":"<p>\u00c7mimi \u00ebsht\u00eb p\u00ebr qese (3 kg)<\/p>\n","protected":false},"excerpt":{"rendered":"<p>Past\u00eb e b\u00ebr\u00eb nga luleshtrydhe t\u00eb fresk\u00ebta, me shije t\u00eb \u00ebmb\u00ebl dhe cil\u00ebsi t\u00eb lart\u00eb.<\/p>\n","protected":false},"featured_media":44608,"template":"","meta":[],"product_brand":[],"product_cat":[201,313],"product_tag":[204,295,314],"class_list":{"0":"post-44605","1":"product","2":"type-product","3":"status-publish","4":"has-post-thumbnail","6":"product_cat-akullore","7":"product_cat-pasta-frutash","8":"product_tag-akullore","9":"product_tag-gellato-sq","10":"product_tag-pasta-frutash","12":"first","13":"instock","14":"taxable","15":"shipping-taxable","16":"purchasable","17":"product-type-simple"},"aioseo_notices":[],"_links":{"self":[{"href":"https:\/\/aldegroup.com.mk\/sq\/wp-json\/wp\/v2\/product\/44605","targetHints":{"allow":["GET"]}}],"collection":[{"href":"https:\/\/aldegroup.com.mk\/sq\/wp-json\/wp\/v2\/product"}],"about":[{"href":"https:\/\/aldegroup.com.mk\/sq\/wp-json\/wp\/v2\/types\/product"}],"wp:featuredmedia":[{"embeddable":true,"href":"https:\/\/aldegroup.com.mk\/sq\/wp-json\/wp\/v2\/media\/44608"}],"wp:attachment":[{"href":"https:\/\/aldegroup.com.mk\/sq\/wp-json\/wp\/v2\/media?parent=44605"}],"wp:term":[{"taxonomy":"product_brand","embeddable":true,"href":"https:\/\/aldegroup.com.mk\/sq\/wp-json\/wp\/v2\/product_brand?post=44605"},{"taxonomy":"product_cat","embeddable":true,"href":"https:\/\/aldegroup.com.mk\/sq\/wp-json\/wp\/v2\/product_cat?post=44605"},{"taxonomy":"product_tag","embeddable":true,"href":"https:\/\/aldegroup.com.mk\/sq\/wp-json\/wp\/v2\/product_tag?post=44605"}],"curies":[{"name":"wp","href":"https:\/\/api.w.org\/{rel}","templated":true}]}}