{"id":44564,"date":"2024-03-19T00:48:42","date_gmt":"2024-03-18T23:48:42","guid":{"rendered":"https:\/\/aldegroup.com.mk\/product\/blackberry-fortefrutto-n\/"},"modified":"2024-03-19T00:48:42","modified_gmt":"2024-03-18T23:48:42","slug":"blackberry-fortefrutto-n","status":"publish","type":"product","link":"https:\/\/aldegroup.com.mk\/sq\/product\/blackberry-fortefrutto-n\/","title":{"rendered":"BLACKBERRY FORTEFRUTTO N"},"content":{"rendered":"<p>\u00c7mimi \u00ebsht\u00eb p\u00ebr qese (3 kg)<\/p>\n","protected":false},"excerpt":{"rendered":"<p>Paste e koncentruar e krijuar me blackberries t\u00eb pjekura dhe succulente q\u00eb mburren me nj\u00eb ngjyr\u00eb t\u00eb err\u00ebt dhe t\u00eb shndritshme.<\/p>\n","protected":false},"featured_media":44561,"template":"","meta":[],"product_brand":[],"product_cat":[201,313],"product_tag":[204,295,314],"class_list":{"0":"post-44564","1":"product","2":"type-product","3":"status-publish","4":"has-post-thumbnail","6":"product_cat-akullore","7":"product_cat-pasta-frutash","8":"product_tag-akullore","9":"product_tag-gellato-sq","10":"product_tag-pasta-frutash","12":"first","13":"instock","14":"taxable","15":"shipping-taxable","16":"purchasable","17":"product-type-simple"},"aioseo_notices":[],"_links":{"self":[{"href":"https:\/\/aldegroup.com.mk\/sq\/wp-json\/wp\/v2\/product\/44564","targetHints":{"allow":["GET"]}}],"collection":[{"href":"https:\/\/aldegroup.com.mk\/sq\/wp-json\/wp\/v2\/product"}],"about":[{"href":"https:\/\/aldegroup.com.mk\/sq\/wp-json\/wp\/v2\/types\/product"}],"wp:featuredmedia":[{"embeddable":true,"href":"https:\/\/aldegroup.com.mk\/sq\/wp-json\/wp\/v2\/media\/44561"}],"wp:attachment":[{"href":"https:\/\/aldegroup.com.mk\/sq\/wp-json\/wp\/v2\/media?parent=44564"}],"wp:term":[{"taxonomy":"product_brand","embeddable":true,"href":"https:\/\/aldegroup.com.mk\/sq\/wp-json\/wp\/v2\/product_brand?post=44564"},{"taxonomy":"product_cat","embeddable":true,"href":"https:\/\/aldegroup.com.mk\/sq\/wp-json\/wp\/v2\/product_cat?post=44564"},{"taxonomy":"product_tag","embeddable":true,"href":"https:\/\/aldegroup.com.mk\/sq\/wp-json\/wp\/v2\/product_tag?post=44564"}],"curies":[{"name":"wp","href":"https:\/\/api.w.org\/{rel}","templated":true}]}}