{"id":44545,"date":"2024-03-18T05:52:45","date_gmt":"2024-03-18T04:52:45","guid":{"rendered":"https:\/\/aldegroup.com.mk\/product\/drite-kosi-stevia\/"},"modified":"2024-03-18T05:52:45","modified_gmt":"2024-03-18T04:52:45","slug":"drite-kosi-stevia","status":"publish","type":"product","link":"https:\/\/aldegroup.com.mk\/sq\/product\/drite-kosi-stevia\/","title":{"rendered":"DRIT\u00cb KOSI &amp; STEVIA"},"content":{"rendered":"<p>\u00c7mimi \u00ebsht\u00eb p\u00ebr qese (1.1 kg)<\/p>\n","protected":false},"excerpt":{"rendered":"<p>Nj\u00eb produkt pluhur me shije kosi, i \u00ebmb\u00eblsuar me Stevia dhe i pasuruar me fibra. \u00cbsht\u00eb i p\u00ebrkryer p\u00ebr t\u00eb b\u00ebr\u00eb xhelatin\u00eb ose servirje t\u00eb but\u00eb vet\u00ebm duke shtuar qum\u00ebsht.<\/p>\n","protected":false},"featured_media":44542,"template":"","meta":[],"product_brand":[],"product_cat":[201,306],"product_tag":[204,295,308],"class_list":{"0":"post-44545","1":"product","2":"type-product","3":"status-publish","4":"has-post-thumbnail","6":"product_cat-akullore","7":"product_cat-pasta-qumeshti","8":"product_tag-akullore","9":"product_tag-gellato-sq","10":"product_tag-paste-qumeshti","12":"first","13":"instock","14":"taxable","15":"shipping-taxable","16":"purchasable","17":"product-type-simple"},"aioseo_notices":[],"_links":{"self":[{"href":"https:\/\/aldegroup.com.mk\/sq\/wp-json\/wp\/v2\/product\/44545","targetHints":{"allow":["GET"]}}],"collection":[{"href":"https:\/\/aldegroup.com.mk\/sq\/wp-json\/wp\/v2\/product"}],"about":[{"href":"https:\/\/aldegroup.com.mk\/sq\/wp-json\/wp\/v2\/types\/product"}],"wp:featuredmedia":[{"embeddable":true,"href":"https:\/\/aldegroup.com.mk\/sq\/wp-json\/wp\/v2\/media\/44542"}],"wp:attachment":[{"href":"https:\/\/aldegroup.com.mk\/sq\/wp-json\/wp\/v2\/media?parent=44545"}],"wp:term":[{"taxonomy":"product_brand","embeddable":true,"href":"https:\/\/aldegroup.com.mk\/sq\/wp-json\/wp\/v2\/product_brand?post=44545"},{"taxonomy":"product_cat","embeddable":true,"href":"https:\/\/aldegroup.com.mk\/sq\/wp-json\/wp\/v2\/product_cat?post=44545"},{"taxonomy":"product_tag","embeddable":true,"href":"https:\/\/aldegroup.com.mk\/sq\/wp-json\/wp\/v2\/product_tag?post=44545"}],"curies":[{"name":"wp","href":"https:\/\/api.w.org\/{rel}","templated":true}]}}