{"id":44535,"date":"2024-03-18T05:37:53","date_gmt":"2024-03-18T04:37:53","guid":{"rendered":"https:\/\/aldegroup.com.mk\/product\/vanilje-tahiti-n-e-bardhe-paste-tradicionale\/"},"modified":"2024-03-18T05:37:53","modified_gmt":"2024-03-18T04:37:53","slug":"vanilje-tahiti-n-e-bardhe-paste-tradicionale","status":"publish","type":"product","link":"https:\/\/aldegroup.com.mk\/sq\/product\/vanilje-tahiti-n-e-bardhe-paste-tradicionale\/","title":{"rendered":"VANILJE TAHITI N (E BARDH\u00cb) PASTE TRADICIONALE"},"content":{"rendered":"<p>\u00c7mimi \u00ebsht\u00eb p\u00ebr qese (6 kg)<\/p>\n","protected":false},"excerpt":{"rendered":"<p>Past\u00eb e bardh\u00eb q\u00eb nuk p\u00ebrmban ngjyrues. Kjo past\u00eb pasurohet me fara vanilje dhe karamel.<\/p>\n","protected":false},"featured_media":44532,"template":"","meta":[],"product_brand":[],"product_cat":[201,306],"product_tag":[204,295,308],"class_list":{"0":"post-44535","1":"product","2":"type-product","3":"status-publish","4":"has-post-thumbnail","6":"product_cat-akullore","7":"product_cat-pasta-qumeshti","8":"product_tag-akullore","9":"product_tag-gellato-sq","10":"product_tag-paste-qumeshti","12":"first","13":"instock","14":"taxable","15":"shipping-taxable","16":"purchasable","17":"product-type-simple"},"aioseo_notices":[],"_links":{"self":[{"href":"https:\/\/aldegroup.com.mk\/sq\/wp-json\/wp\/v2\/product\/44535","targetHints":{"allow":["GET"]}}],"collection":[{"href":"https:\/\/aldegroup.com.mk\/sq\/wp-json\/wp\/v2\/product"}],"about":[{"href":"https:\/\/aldegroup.com.mk\/sq\/wp-json\/wp\/v2\/types\/product"}],"wp:featuredmedia":[{"embeddable":true,"href":"https:\/\/aldegroup.com.mk\/sq\/wp-json\/wp\/v2\/media\/44532"}],"wp:attachment":[{"href":"https:\/\/aldegroup.com.mk\/sq\/wp-json\/wp\/v2\/media?parent=44535"}],"wp:term":[{"taxonomy":"product_brand","embeddable":true,"href":"https:\/\/aldegroup.com.mk\/sq\/wp-json\/wp\/v2\/product_brand?post=44535"},{"taxonomy":"product_cat","embeddable":true,"href":"https:\/\/aldegroup.com.mk\/sq\/wp-json\/wp\/v2\/product_cat?post=44535"},{"taxonomy":"product_tag","embeddable":true,"href":"https:\/\/aldegroup.com.mk\/sq\/wp-json\/wp\/v2\/product_tag?post=44535"}],"curies":[{"name":"wp","href":"https:\/\/api.w.org\/{rel}","templated":true}]}}