{"id":44521,"date":"2024-03-18T05:22:14","date_gmt":"2024-03-18T04:22:14","guid":{"rendered":"https:\/\/aldegroup.com.mk\/product\/paste-tradicionale-kikiriku-i-kripur\/"},"modified":"2024-03-18T05:22:14","modified_gmt":"2024-03-18T04:22:14","slug":"paste-tradicionale-kikiriku-i-kripur","status":"publish","type":"product","link":"https:\/\/aldegroup.com.mk\/sq\/product\/paste-tradicionale-kikiriku-i-kripur\/","title":{"rendered":"PASTE TRADICIONALE KIKIRIKU I KRIPUR"},"content":{"rendered":"<p>\u00c7mimi \u00ebsht\u00eb p\u00ebr qese (6 kg)<\/p>\n","protected":false},"excerpt":{"rendered":"<p>Past\u00eb me shije kikiriku t\u00eb kripur, t\u00eb pasuruar me copa kikirik\u00ebsh t\u00eb v\u00ebrtet\u00eb. Kjo makarona \u00ebsht\u00eb provuar t\u00eb jet\u00eb nj\u00eb bestseller n\u00eb Itali dhe jasht\u00eb saj.<\/p>\n","protected":false},"featured_media":44518,"template":"","meta":[],"product_brand":[],"product_cat":[201,306],"product_tag":[204,295,308],"class_list":{"0":"post-44521","1":"product","2":"type-product","3":"status-publish","4":"has-post-thumbnail","6":"product_cat-akullore","7":"product_cat-pasta-qumeshti","8":"product_tag-akullore","9":"product_tag-gellato-sq","10":"product_tag-paste-qumeshti","12":"first","13":"instock","14":"taxable","15":"shipping-taxable","16":"purchasable","17":"product-type-simple"},"aioseo_notices":[],"_links":{"self":[{"href":"https:\/\/aldegroup.com.mk\/sq\/wp-json\/wp\/v2\/product\/44521","targetHints":{"allow":["GET"]}}],"collection":[{"href":"https:\/\/aldegroup.com.mk\/sq\/wp-json\/wp\/v2\/product"}],"about":[{"href":"https:\/\/aldegroup.com.mk\/sq\/wp-json\/wp\/v2\/types\/product"}],"wp:featuredmedia":[{"embeddable":true,"href":"https:\/\/aldegroup.com.mk\/sq\/wp-json\/wp\/v2\/media\/44518"}],"wp:attachment":[{"href":"https:\/\/aldegroup.com.mk\/sq\/wp-json\/wp\/v2\/media?parent=44521"}],"wp:term":[{"taxonomy":"product_brand","embeddable":true,"href":"https:\/\/aldegroup.com.mk\/sq\/wp-json\/wp\/v2\/product_brand?post=44521"},{"taxonomy":"product_cat","embeddable":true,"href":"https:\/\/aldegroup.com.mk\/sq\/wp-json\/wp\/v2\/product_cat?post=44521"},{"taxonomy":"product_tag","embeddable":true,"href":"https:\/\/aldegroup.com.mk\/sq\/wp-json\/wp\/v2\/product_tag?post=44521"}],"curies":[{"name":"wp","href":"https:\/\/api.w.org\/{rel}","templated":true}]}}