{"id":44469,"date":"2024-03-18T04:32:14","date_gmt":"2024-03-18T03:32:14","guid":{"rendered":"https:\/\/aldegroup.com.mk\/product\/paste-e-koncentruar-caramelllatte\/"},"modified":"2024-03-18T04:32:14","modified_gmt":"2024-03-18T03:32:14","slug":"paste-e-koncentruar-caramelllatte","status":"publish","type":"product","link":"https:\/\/aldegroup.com.mk\/sq\/product\/paste-e-koncentruar-caramelllatte\/","title":{"rendered":"PASTE E KONCENTRUAR CARAMELLLATTE"},"content":{"rendered":"<p>\u00c7mimi \u00ebsht\u00eb p\u00ebr qese (1.3 kg)<\/p>\n","protected":false},"excerpt":{"rendered":"<p>Paste q\u00eb mburret me shijen dhe arom\u00ebn klasike t\u00eb kafes\u00eb dhe karamelit, duke krijuar nj\u00eb xhelatin\u00eb kremoze dhe t\u00eb \u00ebmb\u00ebl.<\/p>\n","protected":false},"featured_media":44463,"template":"","meta":[],"product_brand":[],"product_cat":[201,306],"product_tag":[204,295,308],"class_list":{"0":"post-44469","1":"product","2":"type-product","3":"status-publish","4":"has-post-thumbnail","6":"product_cat-akullore","7":"product_cat-pasta-qumeshti","8":"product_tag-akullore","9":"product_tag-gellato-sq","10":"product_tag-paste-qumeshti","12":"first","13":"instock","14":"taxable","15":"shipping-taxable","16":"purchasable","17":"product-type-simple"},"aioseo_notices":[],"_links":{"self":[{"href":"https:\/\/aldegroup.com.mk\/sq\/wp-json\/wp\/v2\/product\/44469","targetHints":{"allow":["GET"]}}],"collection":[{"href":"https:\/\/aldegroup.com.mk\/sq\/wp-json\/wp\/v2\/product"}],"about":[{"href":"https:\/\/aldegroup.com.mk\/sq\/wp-json\/wp\/v2\/types\/product"}],"wp:featuredmedia":[{"embeddable":true,"href":"https:\/\/aldegroup.com.mk\/sq\/wp-json\/wp\/v2\/media\/44463"}],"wp:attachment":[{"href":"https:\/\/aldegroup.com.mk\/sq\/wp-json\/wp\/v2\/media?parent=44469"}],"wp:term":[{"taxonomy":"product_brand","embeddable":true,"href":"https:\/\/aldegroup.com.mk\/sq\/wp-json\/wp\/v2\/product_brand?post=44469"},{"taxonomy":"product_cat","embeddable":true,"href":"https:\/\/aldegroup.com.mk\/sq\/wp-json\/wp\/v2\/product_cat?post=44469"},{"taxonomy":"product_tag","embeddable":true,"href":"https:\/\/aldegroup.com.mk\/sq\/wp-json\/wp\/v2\/product_tag?post=44469"}],"curies":[{"name":"wp","href":"https:\/\/api.w.org\/{rel}","templated":true}]}}