{"id":44437,"date":"2024-03-18T02:51:32","date_gmt":"2024-03-18T01:51:32","guid":{"rendered":"https:\/\/aldegroup.com.mk\/product\/paste-tradicionale-choco-noisenut\/"},"modified":"2024-03-18T02:51:32","modified_gmt":"2024-03-18T01:51:32","slug":"paste-tradicionale-choco-noisenut","status":"publish","type":"product","link":"https:\/\/aldegroup.com.mk\/sq\/product\/paste-tradicionale-choco-noisenut\/","title":{"rendered":"PASTE TRADICIONALE CHOCO-NOISENUT"},"content":{"rendered":"<p>\u00c7mimi \u00ebsht\u00eb p\u00ebr qese (6 kg)<\/p>\n","protected":false},"excerpt":{"rendered":"<p>Paste e koncentruar, e krijuar nga \u00e7okollata m\u00eb e mir\u00eb dhe noisette, q\u00eb mburret me nj\u00eb shije t\u00eb shijshme q\u00eb \u00ebsht\u00eb nj\u00eb fitues p\u00ebr t\u00eb gjith\u00eb.<\/p>\n","protected":false},"featured_media":44435,"template":"","meta":[],"product_brand":[],"product_cat":[201,306],"product_tag":[204,295,308],"class_list":{"0":"post-44437","1":"product","2":"type-product","3":"status-publish","4":"has-post-thumbnail","6":"product_cat-akullore","7":"product_cat-pasta-qumeshti","8":"product_tag-akullore","9":"product_tag-gellato-sq","10":"product_tag-paste-qumeshti","12":"first","13":"instock","14":"taxable","15":"shipping-taxable","16":"purchasable","17":"product-type-simple"},"aioseo_notices":[],"_links":{"self":[{"href":"https:\/\/aldegroup.com.mk\/sq\/wp-json\/wp\/v2\/product\/44437","targetHints":{"allow":["GET"]}}],"collection":[{"href":"https:\/\/aldegroup.com.mk\/sq\/wp-json\/wp\/v2\/product"}],"about":[{"href":"https:\/\/aldegroup.com.mk\/sq\/wp-json\/wp\/v2\/types\/product"}],"wp:featuredmedia":[{"embeddable":true,"href":"https:\/\/aldegroup.com.mk\/sq\/wp-json\/wp\/v2\/media\/44435"}],"wp:attachment":[{"href":"https:\/\/aldegroup.com.mk\/sq\/wp-json\/wp\/v2\/media?parent=44437"}],"wp:term":[{"taxonomy":"product_brand","embeddable":true,"href":"https:\/\/aldegroup.com.mk\/sq\/wp-json\/wp\/v2\/product_brand?post=44437"},{"taxonomy":"product_cat","embeddable":true,"href":"https:\/\/aldegroup.com.mk\/sq\/wp-json\/wp\/v2\/product_cat?post=44437"},{"taxonomy":"product_tag","embeddable":true,"href":"https:\/\/aldegroup.com.mk\/sq\/wp-json\/wp\/v2\/product_tag?post=44437"}],"curies":[{"name":"wp","href":"https:\/\/api.w.org\/{rel}","templated":true}]}}