{"id":44419,"date":"2024-03-18T02:34:46","date_gmt":"2024-03-18T01:34:46","guid":{"rendered":"https:\/\/aldegroup.com.mk\/product\/angel-blue\/"},"modified":"2024-03-18T02:34:46","modified_gmt":"2024-03-18T01:34:46","slug":"angel-blue","status":"publish","type":"product","link":"https:\/\/aldegroup.com.mk\/sq\/product\/angel-blue\/","title":{"rendered":"ANGEL BLUE"},"content":{"rendered":"<p>\u00c7mimi \u00ebsht\u00eb p\u00ebr qese (3 kg)<\/p>\n","protected":false},"excerpt":{"rendered":"<p>Nj\u00eb past\u00eb kremoze ideale p\u00ebr f\u00ebmij\u00ebt p\u00ebr shkak t\u00eb ngjyr\u00ebs blu dhe arom\u00ebs s\u00eb bananes. Ajo mund t\u00eb kombinohet me Arabeschi\u00ae Arcobaleno.<\/p>\n","protected":false},"featured_media":44417,"template":"","meta":[],"product_brand":[],"product_cat":[201,306],"product_tag":[204,295,308],"class_list":{"0":"post-44419","1":"product","2":"type-product","3":"status-publish","4":"has-post-thumbnail","6":"product_cat-akullore","7":"product_cat-pasta-qumeshti","8":"product_tag-akullore","9":"product_tag-gellato-sq","10":"product_tag-paste-qumeshti","12":"first","13":"instock","14":"taxable","15":"shipping-taxable","16":"purchasable","17":"product-type-simple"},"aioseo_notices":[],"_links":{"self":[{"href":"https:\/\/aldegroup.com.mk\/sq\/wp-json\/wp\/v2\/product\/44419","targetHints":{"allow":["GET"]}}],"collection":[{"href":"https:\/\/aldegroup.com.mk\/sq\/wp-json\/wp\/v2\/product"}],"about":[{"href":"https:\/\/aldegroup.com.mk\/sq\/wp-json\/wp\/v2\/types\/product"}],"wp:featuredmedia":[{"embeddable":true,"href":"https:\/\/aldegroup.com.mk\/sq\/wp-json\/wp\/v2\/media\/44417"}],"wp:attachment":[{"href":"https:\/\/aldegroup.com.mk\/sq\/wp-json\/wp\/v2\/media?parent=44419"}],"wp:term":[{"taxonomy":"product_brand","embeddable":true,"href":"https:\/\/aldegroup.com.mk\/sq\/wp-json\/wp\/v2\/product_brand?post=44419"},{"taxonomy":"product_cat","embeddable":true,"href":"https:\/\/aldegroup.com.mk\/sq\/wp-json\/wp\/v2\/product_cat?post=44419"},{"taxonomy":"product_tag","embeddable":true,"href":"https:\/\/aldegroup.com.mk\/sq\/wp-json\/wp\/v2\/product_tag?post=44419"}],"curies":[{"name":"wp","href":"https:\/\/api.w.org\/{rel}","templated":true}]}}