{"id":44413,"date":"2024-03-18T02:25:40","date_gmt":"2024-03-18T01:25:40","guid":{"rendered":"https:\/\/aldegroup.com.mk\/product\/ciocconero-sprint\/"},"modified":"2024-03-18T02:25:40","modified_gmt":"2024-03-18T01:25:40","slug":"ciocconero-sprint","status":"publish","type":"product","link":"https:\/\/aldegroup.com.mk\/sq\/product\/ciocconero-sprint\/","title":{"rendered":"CIOCCONERO SPRINT"},"content":{"rendered":"<p>\u00c7mimi \u00ebsht\u00eb p\u00ebr qese (1.75 kg)<\/p>\n","protected":false},"excerpt":{"rendered":"<p>Nj\u00eb produkt i \u00e7astit pluhur me nj\u00eb shije t\u00eb fort\u00eb \u00e7okollate t\u00eb err\u00ebt q\u00eb k\u00ebrkon vet\u00ebm shtimin e ujit p\u00ebr t\u00eb krijuar xhelatin\u00eb t\u00eb shijshme.<\/p>\n","protected":false},"featured_media":44408,"template":"","meta":[],"product_brand":[],"product_cat":[201,306],"product_tag":[204,295,308],"class_list":{"0":"post-44413","1":"product","2":"type-product","3":"status-publish","4":"has-post-thumbnail","6":"product_cat-akullore","7":"product_cat-pasta-qumeshti","8":"product_tag-akullore","9":"product_tag-gellato-sq","10":"product_tag-paste-qumeshti","12":"first","13":"instock","14":"taxable","15":"shipping-taxable","16":"purchasable","17":"product-type-simple"},"aioseo_notices":[],"_links":{"self":[{"href":"https:\/\/aldegroup.com.mk\/sq\/wp-json\/wp\/v2\/product\/44413","targetHints":{"allow":["GET"]}}],"collection":[{"href":"https:\/\/aldegroup.com.mk\/sq\/wp-json\/wp\/v2\/product"}],"about":[{"href":"https:\/\/aldegroup.com.mk\/sq\/wp-json\/wp\/v2\/types\/product"}],"wp:featuredmedia":[{"embeddable":true,"href":"https:\/\/aldegroup.com.mk\/sq\/wp-json\/wp\/v2\/media\/44408"}],"wp:attachment":[{"href":"https:\/\/aldegroup.com.mk\/sq\/wp-json\/wp\/v2\/media?parent=44413"}],"wp:term":[{"taxonomy":"product_brand","embeddable":true,"href":"https:\/\/aldegroup.com.mk\/sq\/wp-json\/wp\/v2\/product_brand?post=44413"},{"taxonomy":"product_cat","embeddable":true,"href":"https:\/\/aldegroup.com.mk\/sq\/wp-json\/wp\/v2\/product_cat?post=44413"},{"taxonomy":"product_tag","embeddable":true,"href":"https:\/\/aldegroup.com.mk\/sq\/wp-json\/wp\/v2\/product_tag?post=44413"}],"curies":[{"name":"wp","href":"https:\/\/api.w.org\/{rel}","templated":true}]}}