{"id":44389,"date":"2024-03-18T01:55:08","date_gmt":"2024-03-18T00:55:08","guid":{"rendered":"https:\/\/aldegroup.com.mk\/product\/paste-bajamesh-te-pjekura\/"},"modified":"2024-03-18T01:55:08","modified_gmt":"2024-03-18T00:55:08","slug":"paste-bajamesh-te-pjekura","status":"publish","type":"product","link":"https:\/\/aldegroup.com.mk\/sq\/product\/paste-bajamesh-te-pjekura\/","title":{"rendered":"Paste bajamesh t\u00eb pjekura"},"content":{"rendered":"<p>\u00c7mimi \u00ebsht\u00eb p\u00ebr qese (6 kg)<\/p>\n","protected":false},"excerpt":{"rendered":"<p>Past\u00eb bajamesh me shije autentike dhe arom\u00eb bajamesh t\u00eb pjekura.<\/p>\n","protected":false},"featured_media":44386,"template":"","meta":[],"product_brand":[],"product_cat":[201,306],"product_tag":[204,295,307,308],"class_list":{"0":"post-44389","1":"product","2":"type-product","3":"status-publish","4":"has-post-thumbnail","6":"product_cat-akullore","7":"product_cat-pasta-qumeshti","8":"product_tag-akullore","9":"product_tag-gellato-sq","10":"product_tag-paste-bajamesh-te-pjekura","11":"product_tag-paste-qumeshti","13":"first","14":"instock","15":"taxable","16":"shipping-taxable","17":"purchasable","18":"product-type-simple"},"aioseo_notices":[],"_links":{"self":[{"href":"https:\/\/aldegroup.com.mk\/sq\/wp-json\/wp\/v2\/product\/44389","targetHints":{"allow":["GET"]}}],"collection":[{"href":"https:\/\/aldegroup.com.mk\/sq\/wp-json\/wp\/v2\/product"}],"about":[{"href":"https:\/\/aldegroup.com.mk\/sq\/wp-json\/wp\/v2\/types\/product"}],"wp:featuredmedia":[{"embeddable":true,"href":"https:\/\/aldegroup.com.mk\/sq\/wp-json\/wp\/v2\/media\/44386"}],"wp:attachment":[{"href":"https:\/\/aldegroup.com.mk\/sq\/wp-json\/wp\/v2\/media?parent=44389"}],"wp:term":[{"taxonomy":"product_brand","embeddable":true,"href":"https:\/\/aldegroup.com.mk\/sq\/wp-json\/wp\/v2\/product_brand?post=44389"},{"taxonomy":"product_cat","embeddable":true,"href":"https:\/\/aldegroup.com.mk\/sq\/wp-json\/wp\/v2\/product_cat?post=44389"},{"taxonomy":"product_tag","embeddable":true,"href":"https:\/\/aldegroup.com.mk\/sq\/wp-json\/wp\/v2\/product_tag?post=44389"}],"curies":[{"name":"wp","href":"https:\/\/api.w.org\/{rel}","templated":true}]}}