{"id":44301,"date":"2024-02-23T13:10:33","date_gmt":"2024-02-23T12:10:33","guid":{"rendered":"https:\/\/aldegroup.com.mk\/product\/panna-50-2\/"},"modified":"2024-02-23T13:23:50","modified_gmt":"2024-02-23T12:23:50","slug":"panna-50-2","status":"publish","type":"product","link":"https:\/\/aldegroup.com.mk\/sq\/product\/panna-50-2\/","title":{"rendered":"PANNA 50"},"content":{"rendered":"<p>\u00c7mimi \u00ebsht\u00eb p\u00ebr qese (1,5 kg)<\/p>\n","protected":false},"excerpt":{"rendered":"<p>Nj\u00eb baz\u00eb procesi e ftoht\u00eb dhe e nxeht\u00eb p\u00ebr t\u00eb marr\u00eb nj\u00eb struktur\u00eb kompakte akulloreje me nj\u00eb arom\u00eb delikate vanilje. <\/p>\n","protected":false},"featured_media":44299,"template":"","meta":[],"product_brand":[],"product_cat":[201,202],"product_tag":[],"class_list":{"0":"post-44301","1":"product","2":"type-product","3":"status-publish","4":"has-post-thumbnail","6":"product_cat-akullore","7":"product_cat-bazat","9":"first","10":"instock","11":"taxable","12":"shipping-taxable","13":"purchasable","14":"product-type-simple"},"aioseo_notices":[],"_links":{"self":[{"href":"https:\/\/aldegroup.com.mk\/sq\/wp-json\/wp\/v2\/product\/44301","targetHints":{"allow":["GET"]}}],"collection":[{"href":"https:\/\/aldegroup.com.mk\/sq\/wp-json\/wp\/v2\/product"}],"about":[{"href":"https:\/\/aldegroup.com.mk\/sq\/wp-json\/wp\/v2\/types\/product"}],"wp:featuredmedia":[{"embeddable":true,"href":"https:\/\/aldegroup.com.mk\/sq\/wp-json\/wp\/v2\/media\/44299"}],"wp:attachment":[{"href":"https:\/\/aldegroup.com.mk\/sq\/wp-json\/wp\/v2\/media?parent=44301"}],"wp:term":[{"taxonomy":"product_brand","embeddable":true,"href":"https:\/\/aldegroup.com.mk\/sq\/wp-json\/wp\/v2\/product_brand?post=44301"},{"taxonomy":"product_cat","embeddable":true,"href":"https:\/\/aldegroup.com.mk\/sq\/wp-json\/wp\/v2\/product_cat?post=44301"},{"taxonomy":"product_tag","embeddable":true,"href":"https:\/\/aldegroup.com.mk\/sq\/wp-json\/wp\/v2\/product_tag?post=44301"}],"curies":[{"name":"wp","href":"https:\/\/api.w.org\/{rel}","templated":true}]}}