{"id":44289,"date":"2024-02-23T10:40:00","date_gmt":"2024-02-23T09:40:00","guid":{"rendered":"https:\/\/aldegroup.com.mk\/product\/drita-baze-stevia\/"},"modified":"2024-02-23T10:40:00","modified_gmt":"2024-02-23T09:40:00","slug":"drita-baze-stevia","status":"publish","type":"product","link":"https:\/\/aldegroup.com.mk\/sq\/product\/drita-baze-stevia\/","title":{"rendered":"DRITA BAZ\u00cb &amp; STEVIA"},"content":{"rendered":"<p>\u00c7mimi \u00ebsht\u00eb p\u00ebr qese (1.05 kg)<\/p>\n","protected":false},"excerpt":{"rendered":"<p>Nj\u00eb baz\u00eb procesi t\u00eb ftoht\u00eb e \u00ebmb\u00eblsuar me Stevia dhe e pasuruar me fibra, ideale p\u00ebr krijimin e frutave t\u00eb lehta dhe t\u00eb shijshme \u2013 ose kremit \u2013 xhelatin\u00eb me baz\u00eb.<\/p>\n","protected":false},"featured_media":44283,"template":"","meta":[],"product_brand":[],"product_cat":[201,202],"product_tag":[],"class_list":{"0":"post-44289","1":"product","2":"type-product","3":"status-publish","4":"has-post-thumbnail","6":"product_cat-akullore","7":"product_cat-bazat","9":"first","10":"instock","11":"taxable","12":"shipping-taxable","13":"purchasable","14":"product-type-simple"},"aioseo_notices":[],"_links":{"self":[{"href":"https:\/\/aldegroup.com.mk\/sq\/wp-json\/wp\/v2\/product\/44289","targetHints":{"allow":["GET"]}}],"collection":[{"href":"https:\/\/aldegroup.com.mk\/sq\/wp-json\/wp\/v2\/product"}],"about":[{"href":"https:\/\/aldegroup.com.mk\/sq\/wp-json\/wp\/v2\/types\/product"}],"wp:featuredmedia":[{"embeddable":true,"href":"https:\/\/aldegroup.com.mk\/sq\/wp-json\/wp\/v2\/media\/44283"}],"wp:attachment":[{"href":"https:\/\/aldegroup.com.mk\/sq\/wp-json\/wp\/v2\/media?parent=44289"}],"wp:term":[{"taxonomy":"product_brand","embeddable":true,"href":"https:\/\/aldegroup.com.mk\/sq\/wp-json\/wp\/v2\/product_brand?post=44289"},{"taxonomy":"product_cat","embeddable":true,"href":"https:\/\/aldegroup.com.mk\/sq\/wp-json\/wp\/v2\/product_cat?post=44289"},{"taxonomy":"product_tag","embeddable":true,"href":"https:\/\/aldegroup.com.mk\/sq\/wp-json\/wp\/v2\/product_tag?post=44289"}],"curies":[{"name":"wp","href":"https:\/\/api.w.org\/{rel}","templated":true}]}}