{"id":44279,"date":"2024-02-23T10:20:01","date_gmt":"2024-02-23T09:20:01","guid":{"rendered":"https:\/\/aldegroup.com.mk\/product\/express-capri-50-2\/"},"modified":"2024-02-23T10:35:35","modified_gmt":"2024-02-23T09:35:35","slug":"express-capri-50-2","status":"publish","type":"product","link":"https:\/\/aldegroup.com.mk\/sq\/product\/express-capri-50-2\/","title":{"rendered":"EXPRESS-CAPRI 50"},"content":{"rendered":"<p>\u00c7mimi \u00ebsht\u00eb p\u00ebr qese (2 kg)<\/p>\n","protected":false},"excerpt":{"rendered":"<p>Baza e procesit t\u00eb nxeht\u00eb dhe t\u00eb ftoht\u00eb, perfekte p\u00ebr kuzhinier\u00ebt e xhelatos q\u00eb duan nj\u00eb baz\u00eb gelato me nj\u00eb shije intensive kremi.<\/p>\n","protected":false},"featured_media":44276,"template":"","meta":[],"product_brand":[],"product_cat":[201,202],"product_tag":[],"class_list":{"0":"post-44279","1":"product","2":"type-product","3":"status-publish","4":"has-post-thumbnail","6":"product_cat-akullore","7":"product_cat-bazat","9":"first","10":"instock","11":"taxable","12":"shipping-taxable","13":"purchasable","14":"product-type-simple"},"aioseo_notices":[],"_links":{"self":[{"href":"https:\/\/aldegroup.com.mk\/sq\/wp-json\/wp\/v2\/product\/44279","targetHints":{"allow":["GET"]}}],"collection":[{"href":"https:\/\/aldegroup.com.mk\/sq\/wp-json\/wp\/v2\/product"}],"about":[{"href":"https:\/\/aldegroup.com.mk\/sq\/wp-json\/wp\/v2\/types\/product"}],"wp:featuredmedia":[{"embeddable":true,"href":"https:\/\/aldegroup.com.mk\/sq\/wp-json\/wp\/v2\/media\/44276"}],"wp:attachment":[{"href":"https:\/\/aldegroup.com.mk\/sq\/wp-json\/wp\/v2\/media?parent=44279"}],"wp:term":[{"taxonomy":"product_brand","embeddable":true,"href":"https:\/\/aldegroup.com.mk\/sq\/wp-json\/wp\/v2\/product_brand?post=44279"},{"taxonomy":"product_cat","embeddable":true,"href":"https:\/\/aldegroup.com.mk\/sq\/wp-json\/wp\/v2\/product_cat?post=44279"},{"taxonomy":"product_tag","embeddable":true,"href":"https:\/\/aldegroup.com.mk\/sq\/wp-json\/wp\/v2\/product_tag?post=44279"}],"curies":[{"name":"wp","href":"https:\/\/api.w.org\/{rel}","templated":true}]}}