{"id":44272,"date":"2024-02-23T10:06:55","date_gmt":"2024-02-23T09:06:55","guid":{"rendered":"https:\/\/aldegroup.com.mk\/product\/evo-vittoria-100\/"},"modified":"2024-02-23T10:35:28","modified_gmt":"2024-02-23T09:35:28","slug":"evo-vittoria-100","status":"publish","type":"product","link":"https:\/\/aldegroup.com.mk\/sq\/product\/evo-vittoria-100\/","title":{"rendered":"EVO VITTORIA 100"},"content":{"rendered":"<p>\u00c7mimi \u00ebsht\u00eb p\u00ebr qese (1,5 kg)<\/p>\n","protected":false},"excerpt":{"rendered":"<p>Baza e procesit t\u00eb nxeht\u00eb me nj\u00eb shije t\u00eb plot\u00eb qum\u00ebshti dhe kremi, ideale p\u00ebr p\u00ebrgatitjen e nj\u00eb xhelati kremoz q\u00eb reamins thahet n\u00eb sip\u00ebrfaqe.<\/p>\n","protected":false},"featured_media":44270,"template":"","meta":[],"product_brand":[],"product_cat":[201,202],"product_tag":[],"class_list":{"0":"post-44272","1":"product","2":"type-product","3":"status-publish","4":"has-post-thumbnail","6":"product_cat-akullore","7":"product_cat-bazat","9":"first","10":"instock","11":"taxable","12":"shipping-taxable","13":"purchasable","14":"product-type-simple"},"aioseo_notices":[],"_links":{"self":[{"href":"https:\/\/aldegroup.com.mk\/sq\/wp-json\/wp\/v2\/product\/44272","targetHints":{"allow":["GET"]}}],"collection":[{"href":"https:\/\/aldegroup.com.mk\/sq\/wp-json\/wp\/v2\/product"}],"about":[{"href":"https:\/\/aldegroup.com.mk\/sq\/wp-json\/wp\/v2\/types\/product"}],"wp:featuredmedia":[{"embeddable":true,"href":"https:\/\/aldegroup.com.mk\/sq\/wp-json\/wp\/v2\/media\/44270"}],"wp:attachment":[{"href":"https:\/\/aldegroup.com.mk\/sq\/wp-json\/wp\/v2\/media?parent=44272"}],"wp:term":[{"taxonomy":"product_brand","embeddable":true,"href":"https:\/\/aldegroup.com.mk\/sq\/wp-json\/wp\/v2\/product_brand?post=44272"},{"taxonomy":"product_cat","embeddable":true,"href":"https:\/\/aldegroup.com.mk\/sq\/wp-json\/wp\/v2\/product_cat?post=44272"},{"taxonomy":"product_tag","embeddable":true,"href":"https:\/\/aldegroup.com.mk\/sq\/wp-json\/wp\/v2\/product_tag?post=44272"}],"curies":[{"name":"wp","href":"https:\/\/api.w.org\/{rel}","templated":true}]}}