{"id":44266,"date":"2024-02-23T09:52:47","date_gmt":"2024-02-23T08:52:47","guid":{"rendered":"https:\/\/aldegroup.com.mk\/product\/baze-sublime-100\/"},"modified":"2024-02-23T09:58:34","modified_gmt":"2024-02-23T08:58:34","slug":"baze-sublime-100","status":"publish","type":"product","link":"https:\/\/aldegroup.com.mk\/sq\/product\/baze-sublime-100\/","title":{"rendered":"BAZA SUBLIME 100"},"content":{"rendered":"<p>\u00c7mimi \u00ebsht\u00eb p\u00ebr qese (2 kg)<\/p>\n","protected":false},"excerpt":{"rendered":"<p>Nj\u00eb baz\u00eb e nxeht\u00eb procesi e karakterizuar nga p\u00ebrmbajtja e lart\u00eb e l\u00ebnd\u00ebve t\u00eb ngurta qum\u00ebshti pa yndyr\u00eb; me nj\u00eb shije delikate qum\u00ebshti, kjo baz\u00eb prodhon nj\u00eb akullore t\u00eb shk\u00eblqyer q\u00eb nuk ka kurr\u00eb nj\u00eb sip\u00ebrfaqe me shk\u00eblqim.<\/p>\n","protected":false},"featured_media":44264,"template":"","meta":[],"product_brand":[],"product_cat":[201,202],"product_tag":[],"class_list":{"0":"post-44266","1":"product","2":"type-product","3":"status-publish","4":"has-post-thumbnail","6":"product_cat-akullore","7":"product_cat-bazat","9":"first","10":"instock","11":"taxable","12":"shipping-taxable","13":"purchasable","14":"product-type-simple"},"aioseo_notices":[],"_links":{"self":[{"href":"https:\/\/aldegroup.com.mk\/sq\/wp-json\/wp\/v2\/product\/44266","targetHints":{"allow":["GET"]}}],"collection":[{"href":"https:\/\/aldegroup.com.mk\/sq\/wp-json\/wp\/v2\/product"}],"about":[{"href":"https:\/\/aldegroup.com.mk\/sq\/wp-json\/wp\/v2\/types\/product"}],"wp:featuredmedia":[{"embeddable":true,"href":"https:\/\/aldegroup.com.mk\/sq\/wp-json\/wp\/v2\/media\/44264"}],"wp:attachment":[{"href":"https:\/\/aldegroup.com.mk\/sq\/wp-json\/wp\/v2\/media?parent=44266"}],"wp:term":[{"taxonomy":"product_brand","embeddable":true,"href":"https:\/\/aldegroup.com.mk\/sq\/wp-json\/wp\/v2\/product_brand?post=44266"},{"taxonomy":"product_cat","embeddable":true,"href":"https:\/\/aldegroup.com.mk\/sq\/wp-json\/wp\/v2\/product_cat?post=44266"},{"taxonomy":"product_tag","embeddable":true,"href":"https:\/\/aldegroup.com.mk\/sq\/wp-json\/wp\/v2\/product_tag?post=44266"}],"curies":[{"name":"wp","href":"https:\/\/api.w.org\/{rel}","templated":true}]}}