{"id":44124,"date":"2019-09-08T13:31:44","date_gmt":"2019-09-08T11:31:44","guid":{"rendered":"https:\/\/aldegroup.com.mk\/product\/paste-tradicionale-amadeus-dream\/"},"modified":"2019-09-08T13:31:44","modified_gmt":"2019-09-08T11:31:44","slug":"paste-tradicionale-amadeus-dream","status":"publish","type":"product","link":"https:\/\/aldegroup.com.mk\/sq\/product\/paste-tradicionale-amadeus-dream\/","title":{"rendered":"PASTE TRADICIONALE AMADEUS DREAM"},"content":{"rendered":"<div class=\"page-title-wrapper product\">\n<div class=\"page-title-wrapper product\">\n<div class=\"page-title-wrapper product\">\n<div class=\"page-title-wrapper product\">\n<div class=\"page-title-wrapper product\">\n<div class=\"page-title-wrapper product\">\n<div class=\"page-title-wrapper product\">\n<div class=\"page-title-wrapper product\">\n<div class=\"page-title-wrapper product\">\n<div class=\"page-title-wrapper product\">\n<h1 class=\"page-title\"><span class=\"base\" data-ui-id=\"page-title-wrapper\">PASTE TRADICIONALE AMADEUS DREAM<\/span><\/h1>\n<\/div>\n<div class=\"code\"><strong class=\"type\">Kodi:  <\/strong><\/p>\n<div class=\"value pg-inline\">10802<\/div>\n<\/div>\n<div class=\"product attribute overview\">\n<div class=\"value\">\n<p>Nj\u00eb past\u00eb q\u00eb rikrijon arom\u00ebn e \u00e7okollat\u00ebs dhe marzipanit t\u00eb \u00e7okollat\u00ebs m\u00eb t\u00eb njohur austriake, Mozart &#8211; p\u00ebr nj\u00eb simfoni shije.<\/p>\n<\/div>\n<\/div>\n<div class=\"packaging\"><strong class=\"type\">Paketimi:  <\/strong><\/p>\n<div class=\"value pg-inline\">2 kova x 6 kg<\/div>\n<\/div>\n<div class=\"application\"><strong class=\"type\">Aplikacion :  <\/strong><\/p>\n<div class=\"value pg-inline\">Xhelato, Pasti\u00e7eri<\/div>\n<\/div>\n<div class=\"dosage\"><strong class=\"type\">Dozimi:  <\/strong><\/p>\n<div class=\"value pg-inline\">Baza 100 g \/ kg<\/div>\n<\/div>\n<div><strong class=\"type\">Certifikatat<\/strong><\/p>\n<div class=\"pg-certifications-container\">\n<div class=\"pg-certifications-box\"><img decoding=\"async\" src=\"https:\/\/products.pregel.it\/pub\/media\/certifications\/GlutenFree.png\"><\/p>\n<div class=\"value\">Pa gluten<\/div>\n<\/div>\n<div class=\"pg-certifications-box\"><img decoding=\"async\" src=\"https:\/\/products.pregel.it\/pub\/media\/certifications\/Vegan.png\"><\/p>\n<div class=\"value\">Vegane<\/div>\n<\/div>\n<\/div>\n<\/div>\n<\/div>\n<\/div>\n<\/div>\n<\/div>\n<\/div>\n<\/div>\n<\/div>\n<\/div>\n<\/div>\n","protected":false},"excerpt":{"rendered":"<div class=\"page-title-wrapper product\">\n<div class=\"code\">\n<div class=\"page-title-wrapper product\">\n<div class=\"page-title-wrapper product\">\n<div class=\"page-title-wrapper product\">\n<div class=\"page-title-wrapper product\">\n<div class=\"page-title-wrapper product\">\n<div class=\"page-title-wrapper product\">\n<div class=\"page-title-wrapper product\">\n<div class=\"page-title-wrapper product\">\n<div class=\"page-title-wrapper product\">\n<h1 class=\"page-title\"><span class=\"base\" data-ui-id=\"page-title-wrapper\">PASTE TRADICIONALE AMADEUS DREAM<\/span><\/h1>\n<\/div>\n<div class=\"code\"><strong class=\"type\">Kodi:  <\/strong><\/p>\n<div class=\"value pg-inline\">10802<\/div>\n<\/div>\n<div class=\"product attribute overview\">\n<div class=\"value\">\n<p>Nj\u00eb past\u00eb q\u00eb rikrijon arom\u00ebn e \u00e7okollat\u00ebs dhe marzipanit t\u00eb \u00e7okollat\u00ebs m\u00eb t\u00eb njohur austriake, Mozart &#8211; p\u00ebr nj\u00eb simfoni shije.<\/p>\n<\/div>\n<\/div>\n<\/div>\n<\/div>\n<\/div>\n<\/div>\n<\/div>\n<\/div>\n<\/div>\n<\/div>\n<\/div>\n<\/div>\n","protected":false},"featured_media":43782,"template":"","meta":[],"product_brand":[],"product_cat":[201],"product_tag":[204,206,205,231,207],"class_list":{"0":"post-44124","1":"product","2":"type-product","3":"status-publish","4":"has-post-thumbnail","6":"product_cat-akullore","7":"product_tag-akullore","8":"product_tag-aldegrup","9":"product_tag-bazat-per-akullore","10":"product_tag-paste-tradicionale-amadeus-dream","11":"product_tag-pregel-sq","13":"first","14":"instock","15":"purchasable","16":"product-type-simple"},"aioseo_notices":[],"_links":{"self":[{"href":"https:\/\/aldegroup.com.mk\/sq\/wp-json\/wp\/v2\/product\/44124","targetHints":{"allow":["GET"]}}],"collection":[{"href":"https:\/\/aldegroup.com.mk\/sq\/wp-json\/wp\/v2\/product"}],"about":[{"href":"https:\/\/aldegroup.com.mk\/sq\/wp-json\/wp\/v2\/types\/product"}],"wp:featuredmedia":[{"embeddable":true,"href":"https:\/\/aldegroup.com.mk\/sq\/wp-json\/wp\/v2\/media\/43782"}],"wp:attachment":[{"href":"https:\/\/aldegroup.com.mk\/sq\/wp-json\/wp\/v2\/media?parent=44124"}],"wp:term":[{"taxonomy":"product_brand","embeddable":true,"href":"https:\/\/aldegroup.com.mk\/sq\/wp-json\/wp\/v2\/product_brand?post=44124"},{"taxonomy":"product_cat","embeddable":true,"href":"https:\/\/aldegroup.com.mk\/sq\/wp-json\/wp\/v2\/product_cat?post=44124"},{"taxonomy":"product_tag","embeddable":true,"href":"https:\/\/aldegroup.com.mk\/sq\/wp-json\/wp\/v2\/product_tag?post=44124"}],"curies":[{"name":"wp","href":"https:\/\/api.w.org\/{rel}","templated":true}]}}